{"id":107,"date":"2017-08-29T09:34:03","date_gmt":"2017-08-29T07:34:03","guid":{"rendered":"http:\/\/ecole-laprovidence-wambrechies.fr\/?page_id=107"},"modified":"2023-11-27T15:34:03","modified_gmt":"2023-11-27T14:34:03","slug":"cp","status":"publish","type":"page","link":"https:\/\/ecole-st-vaast-wambrechies.fr\/index.php\/cp\/","title":{"rendered":"CP"},"content":{"rendered":"<p>Cette ann\u00e9e, notre principal objectif est d\u2019apprendre \u00e0 lire et nous faisons beaucoup d\u2019efforts pour y parvenir.<\/p>\n<p>Notre autre grand d\u00e9fi est d\u2019apprendre \u00e0 bien vivre ensemble. Nous cherchons ensemble des solutions pour que les r\u00e9cr\u00e9ations se passent sans dispute et que chacun se sente respect\u00e9 et valoris\u00e9. Nous apprenons \u00e0 ressentir et \u00e0 reconna\u00eetre nos \u00e9motions pour mieux les g\u00e9rer. Chaque jour nous partageons un moment de m\u00e9ditation\/relaxation pour nous poser et nous recentrer.<\/p>\n<p>Nous avons des correspondants de CP dans une \u00e9cole de Linselles \u00e0 qui nous \u00e9crivons r\u00e9guli\u00e8rement et avec qui nous passerons une journ\u00e9e au mois d\u2019Avril.<\/p>\n<p>C\u2019est chouette le CP\u00a0!!!<\/p>\n<h4>L&rsquo;enseignante Madame Aude COUVREUR<\/h4>\n<p><img loading=\"lazy\" decoding=\"async\" class=\"alignnone size-medium wp-image-4008\" src=\"http:\/\/ecole-st-vaast-wambrechies.fr\/wp-content\/uploads\/2018\/07\/04-1242_0295-200x300.jpg\" alt=\"\" width=\"200\" height=\"300\" srcset=\"https:\/\/ecole-st-vaast-wambrechies.fr\/wp-content\/uploads\/2018\/07\/04-1242_0295-200x300.jpg 200w, https:\/\/ecole-st-vaast-wambrechies.fr\/wp-content\/uploads\/2018\/07\/04-1242_0295-768x1150.jpg 768w, https:\/\/ecole-st-vaast-wambrechies.fr\/wp-content\/uploads\/2018\/07\/04-1242_0295-684x1024.jpg 684w, https:\/\/ecole-st-vaast-wambrechies.fr\/wp-content\/uploads\/2018\/07\/04-1242_0295-267x400.jpg 267w\" sizes=\"(max-width: 200px) 100vw, 200px\" \/><\/p>\n<p style=\"text-align: center;\">\n","protected":false},"excerpt":{"rendered":"<p>Cette ann\u00e9e, notre principal objectif est d\u2019apprendre \u00e0 lire et nous faisons beaucoup d\u2019efforts pour y parvenir. Notre autre grand [&hellip;]<\/p>\n","protected":false},"author":4,"featured_media":0,"parent":0,"menu_order":0,"comment_status":"closed","ping_status":"closed","template":"","meta":{"footnotes":""},"_links":{"self":[{"href":"https:\/\/ecole-st-vaast-wambrechies.fr\/index.php\/wp-json\/wp\/v2\/pages\/107"}],"collection":[{"href":"https:\/\/ecole-st-vaast-wambrechies.fr\/index.php\/wp-json\/wp\/v2\/pages"}],"about":[{"href":"https:\/\/ecole-st-vaast-wambrechies.fr\/index.php\/wp-json\/wp\/v2\/types\/page"}],"author":[{"embeddable":true,"href":"https:\/\/ecole-st-vaast-wambrechies.fr\/index.php\/wp-json\/wp\/v2\/users\/4"}],"replies":[{"embeddable":true,"href":"https:\/\/ecole-st-vaast-wambrechies.fr\/index.php\/wp-json\/wp\/v2\/comments?post=107"}],"version-history":[{"count":15,"href":"https:\/\/ecole-st-vaast-wambrechies.fr\/index.php\/wp-json\/wp\/v2\/pages\/107\/revisions"}],"predecessor-version":[{"id":8085,"href":"https:\/\/ecole-st-vaast-wambrechies.fr\/index.php\/wp-json\/wp\/v2\/pages\/107\/revisions\/8085"}],"wp:attachment":[{"href":"https:\/\/ecole-st-vaast-wambrechies.fr\/index.php\/wp-json\/wp\/v2\/media?parent=107"}],"curies":[{"name":"wp","href":"https:\/\/api.w.org\/{rel}","templated":true}]}}