{"id":166,"date":"2017-08-29T10:07:11","date_gmt":"2017-08-29T08:07:11","guid":{"rendered":"http:\/\/ecole-laprovidence-wambrechies.fr\/?page_id=166"},"modified":"2025-09-23T10:25:46","modified_gmt":"2025-09-23T08:25:46","slug":"contact-ecole","status":"publish","type":"page","link":"https:\/\/ecole-st-vaast-wambrechies.fr\/index.php\/contact-ecole\/","title":{"rendered":"Contact \u00c9cole"},"content":{"rendered":"\n<figure class=\"wp-block-image size-medium\"><img loading=\"lazy\" decoding=\"async\" width=\"225\" height=\"300\" src=\"http:\/\/ecole-st-vaast-wambrechies.fr\/wp-content\/uploads\/2023\/10\/benedicte-225x300.jpg\" alt=\"\" class=\"wp-image-7956\" srcset=\"https:\/\/ecole-st-vaast-wambrechies.fr\/wp-content\/uploads\/2023\/10\/benedicte-225x300.jpg 225w, https:\/\/ecole-st-vaast-wambrechies.fr\/wp-content\/uploads\/2023\/10\/benedicte-768x1024.jpg 768w, https:\/\/ecole-st-vaast-wambrechies.fr\/wp-content\/uploads\/2023\/10\/benedicte-1152x1536.jpg 1152w, https:\/\/ecole-st-vaast-wambrechies.fr\/wp-content\/uploads\/2023\/10\/benedicte-1536x2048.jpg 1536w, https:\/\/ecole-st-vaast-wambrechies.fr\/wp-content\/uploads\/2023\/10\/benedicte-300x400.jpg 300w, https:\/\/ecole-st-vaast-wambrechies.fr\/wp-content\/uploads\/2023\/10\/benedicte-scaled.jpg 1920w\" sizes=\"(max-width: 225px) 100vw, 225px\" \/><figcaption class=\"wp-element-caption\"><strong><mark style=\"background-color:rgba(0, 0, 0, 0)\" class=\"has-inline-color has-black-color\">Mme B\u00e9n\u00e9dicte Leduc, Cheffe d&rsquo;\u00e9tablissement<\/mark><\/strong><\/figcaption><\/figure>\n\n\n\n<p><strong><em><u>Informations pratiques:<\/u><\/em><\/strong><\/p>\n\n\n<div align=\"left\">\u00a0<\/div>\n<div align=\"left\">Journ\u00e9es de d\u00e9charge de direction : tous les lundis et les mardis<\/div>\n<div align=\"left\">email : <a href=\"_wp_link_placeholder\" data-wplink-edit=\"true\">leduc.benedicte@ecole-st-vaast-wambrechies.fr<\/a>\u00a0<\/div>\n<div align=\"left\">\u00a0<\/div>\n<div style=\"text-align: left;\" align=\"left\"><b><i><u>Le secr\u00e9tariat:<\/u><\/i><\/b><\/div>\n<div align=\"left\">\u00a0<\/div>\n<div style=\"text-align: left;\" align=\"left\"><strong>Hanane Kamli<\/strong><\/div>\n<div align=\"left\">\u00a0<\/div>\n<div style=\"text-align: left;\" align=\"left\">email: <a href=\"mailto:secretariat@ecole-st-vaast-wambrechies.fr\">secretariat@ecole-st-vaast-wambrechies.fr<\/a><\/div>\n<div align=\"left\">\u00a0<\/div>\n<div align=\"left\">t\u00e9l: 03.20.78.84.84<\/div>\n<div align=\"left\">\u00a0<\/div>\n<div style=\"text-align: left;\" align=\"left\">journ\u00e9es de pr\u00e9sence : les lundis, les mardis, les jeudis et les vendredis<\/div>\n<div align=\"left\">\u00a0<\/div>\n<div align=\"left\">Adresse Postale:<\/div>\n<div align=\"left\">170 rue de l&rsquo;Agrippin<\/div>\n<div align=\"left\">59118 Wambrechies<\/div>\n<div align=\"left\">\u00a0<\/div>\n<div align=\"left\">\u00a0<\/div>\n<div style=\"text-align: right;\" align=\"left\">\u00a0<\/div>\n\n\n<div class=\"wp-block-group\"><div class=\"wp-block-group__inner-container is-layout-constrained wp-block-group-is-layout-constrained\">\n<div class=\"wp-block-group\"><div class=\"wp-block-group__inner-container is-layout-constrained wp-block-group-is-layout-constrained\">\n<iframe src=\"https:\/\/www.google.com\/maps\/embed?pb=!1m18!1m12!1m3!1d2527.8027119020117!2d3.0435759765712227!3d50.68648697163828!2m3!1f0!2f0!3f0!3m2!1i1024!2i768!4f13.1!3m3!1m2!1s0x47c32b0363bda815%3A0x961356f57792602e!2s%C3%89cole%20primaire-et-maternelle%20priv%C3%A9e%20catholique%20Saint-Vaast-Robersart!5e0!3m2!1sfr!2sfr!4v1702638033107!5m2!1sfr!2sfr\" width=\"600\" height=\"450\" style=\"border:0;\" allowfullscreen=\"\" loading=\"lazy\" referrerpolicy=\"no-referrer-when-downgrade\"><\/iframe>\n<\/div><\/div>\n<\/div><\/div>\n\n\n\n<h4 class=\"wp-block-heading\"><em><a href=\"https:\/\/www.facebook.com\/profile.php?id=100057106224884\">Page Facebook de l&rsquo;\u00c9cole<\/a><\/em><\/h4>\n\n\n\n<ul class=\"wp-block-social-links is-layout-flex wp-block-social-links-is-layout-flex\"><li class=\"wp-social-link wp-social-link-facebook  wp-block-social-link\"><a href=\"https:\/\/www.facebook.com\/profile.php?id=100057106224884\" class=\"wp-block-social-link-anchor\"><svg width=\"24\" height=\"24\" viewBox=\"0 0 24 24\" version=\"1.1\" xmlns=\"http:\/\/www.w3.org\/2000\/svg\" aria-hidden=\"true\" focusable=\"false\"><path d=\"M12 2C6.5 2 2 6.5 2 12c0 5 3.7 9.1 8.4 9.9v-7H7.9V12h2.5V9.8c0-2.5 1.5-3.9 3.8-3.9 1.1 0 2.2.2 2.2.2v2.5h-1.3c-1.2 0-1.6.8-1.6 1.6V12h2.8l-.4 2.9h-2.3v7C18.3 21.1 22 17 22 12c0-5.5-4.5-10-10-10z\"><\/path><\/svg><span class=\"wp-block-social-link-label screen-reader-text\">Facebook<\/span><\/a><\/li><\/ul>\n\n\n\n<figure class=\"wp-block-image size-medium\"><a href=\"https:\/\/www.facebook.com\/profile.php?id=100057106224884\" target=\"_blank\" rel=\"noreferrer noopener\"><img loading=\"lazy\" decoding=\"async\" width=\"300\" height=\"191\" src=\"http:\/\/ecole-st-vaast-wambrechies.fr\/wp-content\/uploads\/2023\/11\/page-fb-ecole-sv-300x191.jpg\" alt=\"\" class=\"wp-image-8068\" srcset=\"https:\/\/ecole-st-vaast-wambrechies.fr\/wp-content\/uploads\/2023\/11\/page-fb-ecole-sv-300x191.jpg 300w, https:\/\/ecole-st-vaast-wambrechies.fr\/wp-content\/uploads\/2023\/11\/page-fb-ecole-sv-1024x653.jpg 1024w, https:\/\/ecole-st-vaast-wambrechies.fr\/wp-content\/uploads\/2023\/11\/page-fb-ecole-sv-768x490.jpg 768w, https:\/\/ecole-st-vaast-wambrechies.fr\/wp-content\/uploads\/2023\/11\/page-fb-ecole-sv-627x400.jpg 627w, https:\/\/ecole-st-vaast-wambrechies.fr\/wp-content\/uploads\/2023\/11\/page-fb-ecole-sv.jpg 1127w\" sizes=\"(max-width: 300px) 100vw, 300px\" \/><\/a><\/figure>\n","protected":false},"excerpt":{"rendered":"<p>Informations pratiques: \u00a0 Journ\u00e9es de d\u00e9charge de direction : tous les lundis et les mardis email : leduc.benedicte@ecole-st-vaast-wambrechies.fr\u00a0 \u00a0 Le [&hellip;]<\/p>\n","protected":false},"author":4,"featured_media":0,"parent":0,"menu_order":0,"comment_status":"closed","ping_status":"closed","template":"","meta":{"footnotes":""},"_links":{"self":[{"href":"https:\/\/ecole-st-vaast-wambrechies.fr\/index.php\/wp-json\/wp\/v2\/pages\/166"}],"collection":[{"href":"https:\/\/ecole-st-vaast-wambrechies.fr\/index.php\/wp-json\/wp\/v2\/pages"}],"about":[{"href":"https:\/\/ecole-st-vaast-wambrechies.fr\/index.php\/wp-json\/wp\/v2\/types\/page"}],"author":[{"embeddable":true,"href":"https:\/\/ecole-st-vaast-wambrechies.fr\/index.php\/wp-json\/wp\/v2\/users\/4"}],"replies":[{"embeddable":true,"href":"https:\/\/ecole-st-vaast-wambrechies.fr\/index.php\/wp-json\/wp\/v2\/comments?post=166"}],"version-history":[{"count":50,"href":"https:\/\/ecole-st-vaast-wambrechies.fr\/index.php\/wp-json\/wp\/v2\/pages\/166\/revisions"}],"predecessor-version":[{"id":8714,"href":"https:\/\/ecole-st-vaast-wambrechies.fr\/index.php\/wp-json\/wp\/v2\/pages\/166\/revisions\/8714"}],"wp:attachment":[{"href":"https:\/\/ecole-st-vaast-wambrechies.fr\/index.php\/wp-json\/wp\/v2\/media?parent=166"}],"curies":[{"name":"wp","href":"https:\/\/api.w.org\/{rel}","templated":true}]}}