{"id":168,"date":"2017-08-29T10:07:33","date_gmt":"2017-08-29T08:07:33","guid":{"rendered":"http:\/\/ecole-laprovidence-wambrechies.fr\/?page_id=168"},"modified":"2025-11-14T09:50:04","modified_gmt":"2025-11-14T08:50:04","slug":"apel","status":"publish","type":"page","link":"https:\/\/ecole-st-vaast-wambrechies.fr\/index.php\/apel\/","title":{"rendered":"APEL de l&rsquo;\u00e9cole"},"content":{"rendered":"<h3>Les missions de l\u2019APEL<\/h3>\n<p style=\"text-align: justify;\">Le r\u00f4le de l\u2019association est de soutenir l\u2019implication des parents d\u2019\u00e9l\u00e8ves dans la vie de l\u2019\u00e9cole (r\u00e9unions, animations des \u00e9v\u00e9nements de l\u2019\u00e9cole&#8230;).<\/p>\n<p style=\"text-align: justify;\">L\u2019APEL organise des \u00e9v\u00e9nements qui marque la vie de l&rsquo;\u00e9cole tels que le march\u00e9 de no\u00ebl, la galette des rois, la f\u00eate de fin d\u2019ann\u00e9e&#8230;). L\u2019argent recueilli \u00e0 l&rsquo;occasion de ces moments de convivialit\u00e9 et d\u2019\u00e9changes sert \u00e0 financer des projets p\u00e9dagogiques. Les parents d\u2019\u00e9l\u00e8ves, membres de l\u2019APEL se rendent disponibles pour aider les classes lors des sorties scolaires, des activit\u00e9s socio-culturelles et sportives.<\/p>\n<h3>Les membres de l\u2019APEL<\/h3>\n<p style=\"font-weight: 400;\">Pr\u00e9sidente : Violette Paing \/ Vice Pr\u00e9sidente : Valentine Mulliez<\/p>\n<p style=\"font-weight: 400;\">Tr\u00e9sori\u00e8re : Marie Bizalion Mulliez \/ adjointe : Oph\u00e9lie Marion<\/p>\n<p style=\"font-weight: 400;\">Secr\u00e9taire : Pauline Verschae \/ adjointe : Caroline Magdelaine<\/p>\n<p>Pour toutes demandes concernant l&rsquo;APEL de l&rsquo;\u00e9cole, veuillez envoyer un mail \u00e0 l&rsquo;adresse suivante =&gt;\u00a0<a href=\"mailto:apel.saintvaast@gmail.com\" target=\"_blank\" rel=\"noreferrer noopener\">apel.saintvaast@gmail.com<\/a><\/p>\n<p>\u00a0<\/p>\n\n<div class=\"wp-block-image\">\n<figure class=\"aligncenter size-full\"><img loading=\"lazy\" decoding=\"async\" width=\"559\" height=\"794\" src=\"https:\/\/ecole-st-vaast-wambrechies.fr\/wp-content\/uploads\/2025\/11\/Capture-decran-2025-11-14-094637.png\" alt=\"\" class=\"wp-image-8793\" srcset=\"https:\/\/ecole-st-vaast-wambrechies.fr\/wp-content\/uploads\/2025\/11\/Capture-decran-2025-11-14-094637.png 559w, https:\/\/ecole-st-vaast-wambrechies.fr\/wp-content\/uploads\/2025\/11\/Capture-decran-2025-11-14-094637-211x300.png 211w, https:\/\/ecole-st-vaast-wambrechies.fr\/wp-content\/uploads\/2025\/11\/Capture-decran-2025-11-14-094637-282x400.png 282w\" sizes=\"(max-width: 559px) 100vw, 559px\" \/><\/figure><\/div>\n\n\n<ul class=\"wp-block-social-links is-content-justification-space-between is-layout-flex wp-container-core-social-links-is-layout-1 wp-block-social-links-is-layout-flex\"><li class=\"wp-social-link wp-social-link-facebook  wp-block-social-link\"><a href=\"https:\/\/www.facebook.com\/profile.php?id=100064931942570\" class=\"wp-block-social-link-anchor\"><svg width=\"24\" height=\"24\" viewBox=\"0 0 24 24\" version=\"1.1\" xmlns=\"http:\/\/www.w3.org\/2000\/svg\" aria-hidden=\"true\" focusable=\"false\"><path d=\"M12 2C6.5 2 2 6.5 2 12c0 5 3.7 9.1 8.4 9.9v-7H7.9V12h2.5V9.8c0-2.5 1.5-3.9 3.8-3.9 1.1 0 2.2.2 2.2.2v2.5h-1.3c-1.2 0-1.6.8-1.6 1.6V12h2.8l-.4 2.9h-2.3v7C18.3 21.1 22 17 22 12c0-5.5-4.5-10-10-10z\"><\/path><\/svg><span class=\"wp-block-social-link-label screen-reader-text\">Facebook<\/span><\/a><\/li><\/ul>\n\n\n<div class=\"wp-block-image\">\n<figure class=\"alignleft size-medium\"><a href=\"https:\/\/www.facebook.com\/profile.php?id=100064931942570\" target=\"_blank\" rel=\"noreferrer noopener\"><img loading=\"lazy\" decoding=\"async\" width=\"300\" height=\"197\" src=\"http:\/\/ecole-st-vaast-wambrechies.fr\/wp-content\/uploads\/2023\/11\/page-fb-apel-300x197.jpg\" alt=\"\" class=\"wp-image-8049\" srcset=\"https:\/\/ecole-st-vaast-wambrechies.fr\/wp-content\/uploads\/2023\/11\/page-fb-apel-300x197.jpg 300w, https:\/\/ecole-st-vaast-wambrechies.fr\/wp-content\/uploads\/2023\/11\/page-fb-apel-1024x671.jpg 1024w, https:\/\/ecole-st-vaast-wambrechies.fr\/wp-content\/uploads\/2023\/11\/page-fb-apel-768x503.jpg 768w, https:\/\/ecole-st-vaast-wambrechies.fr\/wp-content\/uploads\/2023\/11\/page-fb-apel-610x400.jpg 610w, https:\/\/ecole-st-vaast-wambrechies.fr\/wp-content\/uploads\/2023\/11\/page-fb-apel.jpg 1126w\" sizes=\"(max-width: 300px) 100vw, 300px\" \/><\/a><figcaption class=\"wp-element-caption\">page facebook de l&rsquo;APEL<\/figcaption><\/figure><\/div>","protected":false},"excerpt":{"rendered":"<p>Les missions de l\u2019APEL Le r\u00f4le de l\u2019association est de soutenir l\u2019implication des parents d\u2019\u00e9l\u00e8ves dans la vie de l\u2019\u00e9cole [&hellip;]<\/p>\n","protected":false},"author":4,"featured_media":0,"parent":0,"menu_order":0,"comment_status":"closed","ping_status":"closed","template":"","meta":{"footnotes":""},"_links":{"self":[{"href":"https:\/\/ecole-st-vaast-wambrechies.fr\/index.php\/wp-json\/wp\/v2\/pages\/168"}],"collection":[{"href":"https:\/\/ecole-st-vaast-wambrechies.fr\/index.php\/wp-json\/wp\/v2\/pages"}],"about":[{"href":"https:\/\/ecole-st-vaast-wambrechies.fr\/index.php\/wp-json\/wp\/v2\/types\/page"}],"author":[{"embeddable":true,"href":"https:\/\/ecole-st-vaast-wambrechies.fr\/index.php\/wp-json\/wp\/v2\/users\/4"}],"replies":[{"embeddable":true,"href":"https:\/\/ecole-st-vaast-wambrechies.fr\/index.php\/wp-json\/wp\/v2\/comments?post=168"}],"version-history":[{"count":55,"href":"https:\/\/ecole-st-vaast-wambrechies.fr\/index.php\/wp-json\/wp\/v2\/pages\/168\/revisions"}],"predecessor-version":[{"id":8796,"href":"https:\/\/ecole-st-vaast-wambrechies.fr\/index.php\/wp-json\/wp\/v2\/pages\/168\/revisions\/8796"}],"wp:attachment":[{"href":"https:\/\/ecole-st-vaast-wambrechies.fr\/index.php\/wp-json\/wp\/v2\/media?parent=168"}],"curies":[{"name":"wp","href":"https:\/\/api.w.org\/{rel}","templated":true}]}}