{"id":2143,"date":"2018-02-02T12:06:28","date_gmt":"2018-02-02T11:06:28","guid":{"rendered":"http:\/\/ecole-st-vaast-wambrechies.fr\/?page_id=2143"},"modified":"2023-11-27T15:32:15","modified_gmt":"2023-11-27T14:32:15","slug":"gs-2","status":"publish","type":"page","link":"https:\/\/ecole-st-vaast-wambrechies.fr\/index.php\/gs-2\/","title":{"rendered":"MS\/GS"},"content":{"rendered":"<p>Chaque ann\u00e9e nous travaillons \u00e0 partir d&rsquo;un projet d&rsquo;ann\u00e9e (Le temps qui passe, la nature, la musique, l&rsquo;environnement&#8230;)<\/p>\n<p>Nous partons \u00e0 la d\u00e9couverte des\u00a0sons avec nos amis de la plan\u00e8te des alphas.<\/p>\n<p>Nous apprenons aussi \u00e0 \u00e9crire les lettres en \u00e9criture cursive. Nous partons beaucoup du jeu pour apprendre \u00e0 compter et calculer.<\/p>\n<p>Nous aimons aussi beaucoup utiliser les diff\u00e9rents mat\u00e9riaux pour r\u00e9aliser des productions en art plastique.<\/p>\n<h4>L&rsquo;enseignante Madame Agathe Coffyn et l&rsquo;ASEM Virginie Legrand<\/h4>\n<p><img loading=\"lazy\" decoding=\"async\" class=\"alignnone size-medium wp-image-4068\" src=\"http:\/\/ecole-st-vaast-wambrechies.fr\/wp-content\/uploads\/2018\/07\/04-1242_0301-200x300.jpg\" alt=\"\" width=\"200\" height=\"300\" srcset=\"https:\/\/ecole-st-vaast-wambrechies.fr\/wp-content\/uploads\/2018\/07\/04-1242_0301-200x300.jpg 200w, https:\/\/ecole-st-vaast-wambrechies.fr\/wp-content\/uploads\/2018\/07\/04-1242_0301-768x1150.jpg 768w, https:\/\/ecole-st-vaast-wambrechies.fr\/wp-content\/uploads\/2018\/07\/04-1242_0301-684x1024.jpg 684w, https:\/\/ecole-st-vaast-wambrechies.fr\/wp-content\/uploads\/2018\/07\/04-1242_0301-267x400.jpg 267w\" sizes=\"(max-width: 200px) 100vw, 200px\" \/><\/p>\n","protected":false},"excerpt":{"rendered":"<p>Chaque ann\u00e9e nous travaillons \u00e0 partir d&rsquo;un projet d&rsquo;ann\u00e9e (Le temps qui passe, la nature, la musique, l&rsquo;environnement&#8230;) Nous partons [&hellip;]<\/p>\n","protected":false},"author":4,"featured_media":0,"parent":0,"menu_order":0,"comment_status":"closed","ping_status":"closed","template":"","meta":{"footnotes":""},"_links":{"self":[{"href":"https:\/\/ecole-st-vaast-wambrechies.fr\/index.php\/wp-json\/wp\/v2\/pages\/2143"}],"collection":[{"href":"https:\/\/ecole-st-vaast-wambrechies.fr\/index.php\/wp-json\/wp\/v2\/pages"}],"about":[{"href":"https:\/\/ecole-st-vaast-wambrechies.fr\/index.php\/wp-json\/wp\/v2\/types\/page"}],"author":[{"embeddable":true,"href":"https:\/\/ecole-st-vaast-wambrechies.fr\/index.php\/wp-json\/wp\/v2\/users\/4"}],"replies":[{"embeddable":true,"href":"https:\/\/ecole-st-vaast-wambrechies.fr\/index.php\/wp-json\/wp\/v2\/comments?post=2143"}],"version-history":[{"count":15,"href":"https:\/\/ecole-st-vaast-wambrechies.fr\/index.php\/wp-json\/wp\/v2\/pages\/2143\/revisions"}],"predecessor-version":[{"id":8084,"href":"https:\/\/ecole-st-vaast-wambrechies.fr\/index.php\/wp-json\/wp\/v2\/pages\/2143\/revisions\/8084"}],"wp:attachment":[{"href":"https:\/\/ecole-st-vaast-wambrechies.fr\/index.php\/wp-json\/wp\/v2\/media?parent=2143"}],"curies":[{"name":"wp","href":"https:\/\/api.w.org\/{rel}","templated":true}]}}