{"id":224,"date":"2017-10-12T23:50:30","date_gmt":"2017-10-12T21:50:30","guid":{"rendered":"http:\/\/ecole-laprovidence-wambrechies.fr\/?page_id=224"},"modified":"2025-10-10T09:57:23","modified_gmt":"2025-10-10T07:57:23","slug":"accueil-2","status":"publish","type":"page","link":"https:\/\/ecole-st-vaast-wambrechies.fr\/","title":{"rendered":"Accueil"},"content":{"rendered":"\n<h2 class=\"wp-block-heading\">&nbsp;<\/h2>\n\n\n\n<h2 class=\"wp-block-heading has-text-align-center\"><strong>Bienvenue sur le site de l&rsquo;\u00e9cole Saint Vaast de Wambrechies<\/strong><\/h2>\n\n\n\n<div class=\"wp-block-columns is-layout-flex wp-container-core-columns-is-layout-1 wp-block-columns-is-layout-flex\">\n<div class=\"wp-block-column is-layout-flow wp-block-column-is-layout-flow\" style=\"flex-basis:25%\">\n<figure class=\"wp-block-image size-full is-resized\"><img loading=\"lazy\" decoding=\"async\" width=\"512\" height=\"512\" src=\"http:\/\/ecole-st-vaast-wambrechies.fr\/wp-content\/uploads\/2025\/03\/lecole.png\" alt=\"\" class=\"wp-image-8598\" style=\"width:206px;height:auto\" srcset=\"https:\/\/ecole-st-vaast-wambrechies.fr\/wp-content\/uploads\/2025\/03\/lecole.png 512w, https:\/\/ecole-st-vaast-wambrechies.fr\/wp-content\/uploads\/2025\/03\/lecole-300x300.png 300w, https:\/\/ecole-st-vaast-wambrechies.fr\/wp-content\/uploads\/2025\/03\/lecole-150x150.png 150w, https:\/\/ecole-st-vaast-wambrechies.fr\/wp-content\/uploads\/2025\/03\/lecole-400x400.png 400w\" sizes=\"(max-width: 512px) 100vw, 512px\" \/><\/figure>\n\n\n\n<p><\/p>\n\n\n\n<p class=\"has-text-align-center\"><strong>L&rsquo;\u00e9cole est compos\u00e9e de 9 classes :<\/strong><\/p>\n\n\n\n<ul>\n<li><strong>TPS \/ PS<\/strong><\/li>\n\n\n\n<li><strong>PS<\/strong><\/li>\n\n\n\n<li><strong>MS \/ GS 1<\/strong><\/li>\n\n\n\n<li><strong>MS \/ GS 2<\/strong><\/li>\n\n\n\n<li><strong>CP<\/strong><\/li>\n\n\n\n<li><strong>CP \/ CE1<\/strong><\/li>\n\n\n\n<li><strong>CE1 \/ CE2<\/strong><\/li>\n\n\n\n<li><strong>CE2 \/ CM1<\/strong><\/li>\n\n\n\n<li><strong>CM1 \/ CM2<\/strong><\/li>\n<\/ul>\n<\/div>\n\n\n\n<div class=\"wp-block-column is-layout-flow wp-block-column-is-layout-flow\" style=\"flex-basis:50%\"><div class=\"wp-block-image\">\n<figure class=\"aligncenter size-thumbnail\"><img loading=\"lazy\" decoding=\"async\" width=\"150\" height=\"150\" src=\"http:\/\/ecole-st-vaast-wambrechies.fr\/wp-content\/uploads\/2025\/03\/valeur-150x150.png\" alt=\"\" class=\"wp-image-8595\" style=\"aspect-ratio:1;object-fit:cover\" srcset=\"https:\/\/ecole-st-vaast-wambrechies.fr\/wp-content\/uploads\/2025\/03\/valeur-150x150.png 150w, https:\/\/ecole-st-vaast-wambrechies.fr\/wp-content\/uploads\/2025\/03\/valeur-300x300.png 300w, https:\/\/ecole-st-vaast-wambrechies.fr\/wp-content\/uploads\/2025\/03\/valeur-400x400.png 400w, https:\/\/ecole-st-vaast-wambrechies.fr\/wp-content\/uploads\/2025\/03\/valeur.png 512w\" sizes=\"(max-width: 150px) 100vw, 150px\" \/><\/figure><\/div>\n\n\n<p><\/p>\n\n\n\n<p class=\"has-text-align-center\"><em>L\u2019\u00e9cole Saint Vaast est un \u00e9tablissement associ\u00e9 \u00e0<br>l\u2019Etat par contrat, elle fait partie de l\u2019enseignement<br>catholique.<br>Notre projet \u00e9ducatif se r\u00e9f\u00e8re aux valeurs de<br>l\u2019Evangile.<br>L\u2019\u00e9cole Saint Vaast est une \u00e9cole ouverte \u00e0 tous. Elle<br>donne beaucoup d\u2019importance \u00e0 la personne.<\/em><\/p>\n<\/div>\n\n\n\n<div class=\"wp-block-column is-layout-flow wp-block-column-is-layout-flow\" style=\"flex-basis:25%\">\n<figure class=\"wp-block-image size-medium\"><img loading=\"lazy\" decoding=\"async\" width=\"300\" height=\"200\" src=\"http:\/\/ecole-st-vaast-wambrechies.fr\/wp-content\/uploads\/2024\/11\/4629725007-Adsiz-1-300x200.png\" alt=\"\" class=\"wp-image-8463\" srcset=\"https:\/\/ecole-st-vaast-wambrechies.fr\/wp-content\/uploads\/2024\/11\/4629725007-Adsiz-1-300x200.png 300w, https:\/\/ecole-st-vaast-wambrechies.fr\/wp-content\/uploads\/2024\/11\/4629725007-Adsiz-1-599x400.png 599w, https:\/\/ecole-st-vaast-wambrechies.fr\/wp-content\/uploads\/2024\/11\/4629725007-Adsiz-1.png 680w\" sizes=\"(max-width: 300px) 100vw, 300px\" \/><\/figure>\n\n\n\n<p><\/p>\n\n\n\n<p class=\"has-text-align-center\">Tous les vendredis, Madame Rozan assure des cours d&rsquo;anglais pour les \u00e9l\u00e8ves d&rsquo;\u00e9l\u00e9mentaires. Ces moments d&rsquo;apprentissage sont l&rsquo;occasion de d\u00e9velopper leurs comp\u00e9tences linguistiques et de d\u00e9couvrir la culture anglophone.<\/p>\n<\/div>\n<\/div>\n\n\n\n<h2 class=\"wp-block-heading\">Mot de la directrice<\/h2>\n\n\n\n<div class=\"wp-block-columns is-layout-flex wp-container-core-columns-is-layout-2 wp-block-columns-is-layout-flex\">\n<div class=\"wp-block-column is-layout-flow wp-block-column-is-layout-flow\" style=\"flex-basis:66.66%\">\n<blockquote class=\"wp-block-quote is-layout-flow wp-block-quote-is-layout-flow\">\n<p>Forte de son v\u00e9cu, l\u2019\u00e9cole Saint Vaast est heureuse de vous accueillir dans un cadre<br>verdoyant et paisible.<br>Situ\u00e9e sur la commune de Wambrechies, disposant d\u2019un bel espace \u00e0 vivre, l\u2019\u00e9cole Saint Vaast<br>offre aux enfants un cadre d\u2019apprentissage agr\u00e9able.<br>L\u2019\u00e9quipe p\u00e9dagogique ambitieuse de ses projets et d\u00e9vou\u00e9e dans l\u2019accompagnement des<br>\u00e9l\u00e8ves, permet \u00e0 chacun d\u2019eux de se r\u00e9v\u00e9ler.<br>En visitant notre site, vous pourrez ainsi d\u00e9couvrir ce qui alimente la vie de l\u2019\u00e9cole Saint<br>Vaast et de ses \u00e9l\u00e8ves. Au plaisir de vous rencontrer.<\/p>\n<cite><strong><em>B\u00e9n\u00e9dicte Leduc, cheffe d\u2019\u00e9tablissement de l&rsquo;\u00e9cole Saint Vaast<\/em><\/strong><\/cite><\/blockquote>\n\n\n\n<div style=\"height:100px\" aria-hidden=\"true\" class=\"wp-block-spacer\"><\/div>\n<\/div>\n\n\n\n<div class=\"wp-block-column is-layout-flow wp-block-column-is-layout-flow\" style=\"flex-basis:33.33%\"><\/div>\n<\/div>\n\n\n\n<div style=\"height:100px\" aria-hidden=\"true\" class=\"wp-block-spacer\"><\/div>\n\n\n\n<div class=\"wp-block-columns is-layout-flex wp-container-core-columns-is-layout-3 wp-block-columns-is-layout-flex\">\n<div class=\"wp-block-column is-layout-flow wp-block-column-is-layout-flow\"><div class=\"wp-block-image\">\n<figure class=\"aligncenter size-thumbnail\"><img loading=\"lazy\" decoding=\"async\" width=\"150\" height=\"150\" src=\"http:\/\/ecole-st-vaast-wambrechies.fr\/wp-content\/uploads\/2018\/03\/wambrechies-150x150.png\" alt=\"\" class=\"wp-image-3320\" style=\"aspect-ratio:1;object-fit:cover\" srcset=\"https:\/\/ecole-st-vaast-wambrechies.fr\/wp-content\/uploads\/2018\/03\/wambrechies-150x150.png 150w, https:\/\/ecole-st-vaast-wambrechies.fr\/wp-content\/uploads\/2018\/03\/wambrechies-300x300.png 300w, https:\/\/ecole-st-vaast-wambrechies.fr\/wp-content\/uploads\/2018\/03\/wambrechies.png 320w\" sizes=\"(max-width: 150px) 100vw, 150px\" \/><\/figure><\/div><\/div>\n\n\n\n<div class=\"wp-block-column is-layout-flow wp-block-column-is-layout-flow\">\n<figure class=\"wp-block-image size-full is-resized\"><img loading=\"lazy\" decoding=\"async\" width=\"249\" height=\"97\" src=\"http:\/\/ecole-st-vaast-wambrechies.fr\/wp-content\/uploads\/2025\/06\/image.png\" alt=\"\" class=\"wp-image-8627\" style=\"width:226px;height:auto\"\/><\/figure>\n<\/div>\n\n\n\n<div class=\"wp-block-column is-layout-flow wp-block-column-is-layout-flow\"><div class=\"wp-block-image\">\n<figure class=\"aligncenter size-thumbnail\"><img loading=\"lazy\" decoding=\"async\" width=\"150\" height=\"150\" src=\"http:\/\/ecole-st-vaast-wambrechies.fr\/wp-content\/uploads\/2018\/02\/logo-APEL-150x150.jpg\" alt=\"\" class=\"wp-image-2117\" style=\"aspect-ratio:1;object-fit:cover\"\/><\/figure><\/div><\/div>\n<\/div>\n","protected":false},"excerpt":{"rendered":"<p>&nbsp; Bienvenue sur le site de l&rsquo;\u00e9cole Saint Vaast de Wambrechies L&rsquo;\u00e9cole est compos\u00e9e de 9 classes : L\u2019\u00e9cole Saint [&hellip;]<\/p>\n","protected":false},"author":4,"featured_media":0,"parent":0,"menu_order":0,"comment_status":"closed","ping_status":"closed","template":"","meta":{"footnotes":""},"_links":{"self":[{"href":"https:\/\/ecole-st-vaast-wambrechies.fr\/index.php\/wp-json\/wp\/v2\/pages\/224"}],"collection":[{"href":"https:\/\/ecole-st-vaast-wambrechies.fr\/index.php\/wp-json\/wp\/v2\/pages"}],"about":[{"href":"https:\/\/ecole-st-vaast-wambrechies.fr\/index.php\/wp-json\/wp\/v2\/types\/page"}],"author":[{"embeddable":true,"href":"https:\/\/ecole-st-vaast-wambrechies.fr\/index.php\/wp-json\/wp\/v2\/users\/4"}],"replies":[{"embeddable":true,"href":"https:\/\/ecole-st-vaast-wambrechies.fr\/index.php\/wp-json\/wp\/v2\/comments?post=224"}],"version-history":[{"count":151,"href":"https:\/\/ecole-st-vaast-wambrechies.fr\/index.php\/wp-json\/wp\/v2\/pages\/224\/revisions"}],"predecessor-version":[{"id":8765,"href":"https:\/\/ecole-st-vaast-wambrechies.fr\/index.php\/wp-json\/wp\/v2\/pages\/224\/revisions\/8765"}],"wp:attachment":[{"href":"https:\/\/ecole-st-vaast-wambrechies.fr\/index.php\/wp-json\/wp\/v2\/media?parent=224"}],"curies":[{"name":"wp","href":"https:\/\/api.w.org\/{rel}","templated":true}]}}