{"id":3504,"date":"2018-04-10T13:29:18","date_gmt":"2018-04-10T11:29:18","guid":{"rendered":"http:\/\/ecole-st-vaast-wambrechies.fr\/?page_id=3504"},"modified":"2025-10-14T12:33:30","modified_gmt":"2025-10-14T10:33:30","slug":"ogec-2","status":"publish","type":"page","link":"https:\/\/ecole-st-vaast-wambrechies.fr\/index.php\/ogec-2\/","title":{"rendered":"OGEC"},"content":{"rendered":"\n<p class=\"has-text-align-center has-medium-font-size\"><em><strong>Les membres de l\u2019OGEC Saint Vaast &#8211; La Providence de Wambrechies<\/strong><\/em><\/p>\n\n\n<div class=\"wp-block-image\">\n<figure class=\"aligncenter size-full\"><img loading=\"lazy\" decoding=\"async\" width=\"632\" height=\"610\" src=\"http:\/\/ecole-st-vaast-wambrechies.fr\/wp-content\/uploads\/2023\/03\/membres-OGEC.png\" alt=\"\" class=\"wp-image-7628\" srcset=\"https:\/\/ecole-st-vaast-wambrechies.fr\/wp-content\/uploads\/2023\/03\/membres-OGEC.png 632w, https:\/\/ecole-st-vaast-wambrechies.fr\/wp-content\/uploads\/2023\/03\/membres-OGEC-300x290.png 300w, https:\/\/ecole-st-vaast-wambrechies.fr\/wp-content\/uploads\/2023\/03\/membres-OGEC-414x400.png 414w\" sizes=\"(max-width: 632px) 100vw, 632px\" \/><\/figure><\/div>\n\n<header class=\"col-md-12 page__header entry-header\">\n<div class=\"single page-meta\">\n<h3 class=\"entry-title element-title single-page__title\" style=\"text-align: center;\">\u00a0<\/h3>\n<\/div>\n<\/header>\n<div class=\"col-md-12\">\n<div class=\"bellini__canvas\">\n<div class=\"row\">\n<div id=\"post-170\" class=\"post-170 page type-page status-publish hentry\">\n<div class=\"container--card-content\">\n<div class=\"entry-content\">\n<div align=\"left\">\n<p>Pr\u00e9sidente : Bastien Remy<\/p>\n<p>Secr\u00e9taire : Julie Tauzin<\/p>\n<p>Tr\u00e9sorier : Simon Vanzeveren<\/p>\n<p>Adjointe tr\u00e9sori\u00e8re : Amandine Gay<\/p>\n<p>Autres membres OGEC : Quentin Loof et M\u00e9linda Tanis<\/p>\n<\/div>\n<div align=\"left\">\n<p>Email:\u00a0<a href=\"mailto:ogec.svlp@gmail.com\">ogec.svlp@gmail.com<\/a><\/p>\n<div align=\"left\">Adresse: 39, rue de Marquette<\/div>\n<div align=\"left\">59118 WAMBRECHIES<\/div>\n<\/div>\n<\/div>\n<\/div>\n<\/div>\n<\/div>\n<\/div>\n<\/div>\n<div align=\"left\">\u00a0<\/div>\n<div class=\"col-md-12\">\n<div class=\"bellini__canvas\">\n<div class=\"row\">\n<div id=\"post-170\" class=\"post-170 page type-page status-publish hentry\">\n<div class=\"container--card-content\">\n<div class=\"entry-content\">\n<h3>Qu\u2019est-ce que l\u2019OGEC?<\/h3>\n<p>L\u2019OGEC est une association Loi 1901 qui doit assumer juridiquement la gestion des \u00e9tablissements d\u2019enseignements catholiques \u00e0 la fois dans le respect du droit fran\u00e7ais et \u00e9galement en accord avec les textes fondamentaux de l\u2019enseignement Catholique.\u00a0Ceci signifie que l\u2019OGEC est sous tutelle de l\u2019\u00e9tat de part le contrat d\u2019association que l\u2019\u00e9cole a sign\u00e9 avec l\u2019\u00c9tat mais \u00e9galement sous tutelle du dioc\u00e8se.<\/p>\n<h3><strong>Les missions<\/strong><\/h3>\n<p>L\u2019OGEC donne \u00e0 l\u2019\u00e9cole les moyens humains et mat\u00e9riels afin d\u2019assurer son bon fonctionnement.<\/p>\n<ul>\n<li>Les moyens humains sont \u00e0 la fois des salari\u00e9s de l\u2019OGEC comme le personnel de cantine, les ASEM et des b\u00e9n\u00e9voles (les parents membres de l\u2019OGEC).<\/li>\n<li>Les moyens mat\u00e9riels, c\u2019est la mise \u00e0 disposition des \u00e9l\u00e8ves et des enseignants du mat\u00e9riel p\u00e9dagogique. Mais c\u2019est aussi assurer l\u2019entretien et les travaux des locaux selon les normes de s\u00e9curit\u00e9.<\/li>\n<\/ul>\n<p>L\u2019OGEC g\u00e8re financi\u00e8rement l\u2019\u00e9cole au niveau des ressources (contributions familiales et subventions de la mairie) et des d\u00e9penses (achats, salaires).<\/p>\n<p>Les membres et les chefs d\u2019\u00e9tablissement se r\u00e9unissent une fois par mois et travaillent sur un certain nombre d\u2019activit\u00e9s comme :<\/p>\n<ul>\n<li>Optimiser les achats,<\/li>\n<li>Pr\u00e9voir et g\u00e9rer les travaux,<\/li>\n<li>G\u00e9rer le personnel,<\/li>\n<li>Suivre la gestion et la tr\u00e9sorerie.<\/li>\n<\/ul>\n<p>La composition de l\u2019OGEC est en constante \u00e9volution ; toute personne souhaitant s\u2019investir dans l\u2019OGEC est invit\u00e9e \u00e0 se faire conna\u00eetre via l\u2019adresse mail\u00a0<a href=\"mailto:ogec.svlp@gmail.com\">ogec.svlp@gmail.com<\/a>\u00a0ou directement aupr\u00e8s d\u2019un des membres.<\/p>\n<\/div>\n<\/div>\n<p style=\"text-align: right;\">\u00a0<\/p>\n<\/div>\n<\/div>\n<\/div>\n<\/div>","protected":false},"excerpt":{"rendered":"<p>Les membres de l\u2019OGEC Saint Vaast &#8211; La Providence de Wambrechies \u00a0 Pr\u00e9sidente : Bastien Remy Secr\u00e9taire : Julie Tauzin [&hellip;]<\/p>\n","protected":false},"author":4,"featured_media":0,"parent":0,"menu_order":0,"comment_status":"closed","ping_status":"closed","template":"","meta":{"footnotes":""},"_links":{"self":[{"href":"https:\/\/ecole-st-vaast-wambrechies.fr\/index.php\/wp-json\/wp\/v2\/pages\/3504"}],"collection":[{"href":"https:\/\/ecole-st-vaast-wambrechies.fr\/index.php\/wp-json\/wp\/v2\/pages"}],"about":[{"href":"https:\/\/ecole-st-vaast-wambrechies.fr\/index.php\/wp-json\/wp\/v2\/types\/page"}],"author":[{"embeddable":true,"href":"https:\/\/ecole-st-vaast-wambrechies.fr\/index.php\/wp-json\/wp\/v2\/users\/4"}],"replies":[{"embeddable":true,"href":"https:\/\/ecole-st-vaast-wambrechies.fr\/index.php\/wp-json\/wp\/v2\/comments?post=3504"}],"version-history":[{"count":26,"href":"https:\/\/ecole-st-vaast-wambrechies.fr\/index.php\/wp-json\/wp\/v2\/pages\/3504\/revisions"}],"predecessor-version":[{"id":8769,"href":"https:\/\/ecole-st-vaast-wambrechies.fr\/index.php\/wp-json\/wp\/v2\/pages\/3504\/revisions\/8769"}],"wp:attachment":[{"href":"https:\/\/ecole-st-vaast-wambrechies.fr\/index.php\/wp-json\/wp\/v2\/media?parent=3504"}],"curies":[{"name":"wp","href":"https:\/\/api.w.org\/{rel}","templated":true}]}}