{"id":3657,"date":"2018-05-18T10:57:23","date_gmt":"2018-05-18T08:57:23","guid":{"rendered":"http:\/\/ecole-st-vaast-wambrechies.fr\/?page_id=3657"},"modified":"2024-06-04T14:52:42","modified_gmt":"2024-06-04T12:52:42","slug":"le-projet-educatif-2","status":"publish","type":"page","link":"https:\/\/ecole-st-vaast-wambrechies.fr\/index.php\/le-projet-educatif-2\/","title":{"rendered":"Le projet \u00e9ducatif"},"content":{"rendered":"<p><u>Le projet \u00e9ducatif<\/u><\/p>\n<p>Chemin faisant, J\u00e9sus entra dans un village. Une femme nomm\u00e9e Marthe le re\u00e7ut. Elle avait une s\u0153ur appel\u00e9e Marie qui, s\u2019\u00e9tant assise aux pieds du Seigneur, \u00e9coutait sa parole. Quant \u00e0 Marthe, elle \u00e9tait accapar\u00e9e par les multiples occupations du service. Elle intervint et dit : \u00ab Seigneur, cela ne te fait rien que ma s\u0153ur m\u2019ait laiss\u00e9 faire seule le service ? Dis-lui donc de m\u2019aider. \u00bb Le Seigneur lui r\u00e9pondit : \u00ab Marthe, Marthe, tu te donnes du souci et tu t\u2019agites pour bien des choses. Une seule est n\u00e9cessaire. Marie a choisi la meilleure part, elle ne lui sera pas enlev\u00e9e.(Luc 10, 38-42)<\/p>\n<p>L\u2019\u00e9cole Saint Vaast priorise trois principes appliqu\u00e9s dans nos actions \u00e9ducatives.<\/p>\n<p><u>Le respect des autres et la bienveillance<\/u><\/p>\n<p>Tout au long de la scolarit\u00e9 \u00e0 l\u2019\u00e9cole Saint Vaast, bon nombre de projets propos\u00e9s aux \u00e9l\u00e8ves vont leur permettre de se r\u00e9v\u00e9ler dans le respect des autres. Le vivre ensemble, l\u2019acceptation de la diff\u00e9rence, les valeurs de tol\u00e9rance et d\u2019\u00e9coute constituent les piliers de nos projets \u00e9ducatifs. Les enseignants et le personnel OGEC suivent r\u00e9guli\u00e8rement des formations sur la discipline positive. Discipline reposant sur un \u00e9quilibre entre bienveillance et cadre s\u00e9curisant.<\/p>\n<p><u>\u00catre heureux<\/u><\/p>\n<p>A l\u2019\u00e9cole Saint Vaast, nous voulons que les enfants soient heureux.<\/p>\n<p>Une grande importance est donn\u00e9e \u00e0 la relation aux autres. Elle passe par l\u2019amiti\u00e9 et la camaraderie entre \u00e9l\u00e8ves, l\u2019entraide\u00a0: tutorats entre \u00e9l\u00e8ves, d\u00e9couverte des dons de chacun au service de la collectivit\u00e9, ainsi que les travaux de groupes\u00a0: produire en interaction avec les autres.<\/p>\n<p>A l\u2019\u00e9cole Saint Vaast, il est important que les \u00e9l\u00e8ves aient envie de venir \u00e0 l\u2019\u00e9cole, qu\u2019ils se sentent bien dans un environnement propre et accueillant.<\/p>\n<p>A l\u2019\u00e9cole Saint Vaast, il est important que les temps de d\u00e9tente soient mis \u00e0 profit pour s\u2019amuser, se sentir bien, s\u2019\u00e9panouir et \u00e9tablir de bonnes relations avec les autres.<\/p>\n<p><u>\u00catre curieux<\/u><\/p>\n<p>La curiosit\u00e9 fait partie des principes fondamentaux de notre \u00e9cole.<\/p>\n<p>L\u2019\u00e9quipe \u00e9ducative dispense un enseignement de qualit\u00e9 qui donne aux enfants le go\u00fbt d\u2019apprendre. Cet enseignement de qualit\u00e9 passe par l\u2019apprentissage des savoirs fondamentaux, l\u2019utilisation de nouveaux outils d\u2019apprentissage, notamment le num\u00e9rique, et l\u2019ouverture vers le monde et vers les autres par les rencontres avec des intervenants ext\u00e9rieurs, les rencontres faites lors des projets et les sorties p\u00e9dagogiques.<\/p>\n<p>Ces trois principes fondamentaux de notre \u00e9cole ne sauraient exister sans mettre d\u2019importance sur la co\u00e9ducation avec les parents, les diff\u00e9rents acteurs de l\u2019\u00e9cole, l\u2019APEL, l\u2019OGEC et la paroisse dans le but ultime de voir se r\u00e9v\u00e9ler les dons et talents de chacun de nos \u00e9l\u00e8ves.<\/p>\n","protected":false},"excerpt":{"rendered":"<p>Le projet \u00e9ducatif Chemin faisant, J\u00e9sus entra dans un village. Une femme nomm\u00e9e Marthe le re\u00e7ut. Elle avait une s\u0153ur [&hellip;]<\/p>\n","protected":false},"author":4,"featured_media":0,"parent":0,"menu_order":0,"comment_status":"closed","ping_status":"closed","template":"","meta":{"footnotes":""},"_links":{"self":[{"href":"https:\/\/ecole-st-vaast-wambrechies.fr\/index.php\/wp-json\/wp\/v2\/pages\/3657"}],"collection":[{"href":"https:\/\/ecole-st-vaast-wambrechies.fr\/index.php\/wp-json\/wp\/v2\/pages"}],"about":[{"href":"https:\/\/ecole-st-vaast-wambrechies.fr\/index.php\/wp-json\/wp\/v2\/types\/page"}],"author":[{"embeddable":true,"href":"https:\/\/ecole-st-vaast-wambrechies.fr\/index.php\/wp-json\/wp\/v2\/users\/4"}],"replies":[{"embeddable":true,"href":"https:\/\/ecole-st-vaast-wambrechies.fr\/index.php\/wp-json\/wp\/v2\/comments?post=3657"}],"version-history":[{"count":3,"href":"https:\/\/ecole-st-vaast-wambrechies.fr\/index.php\/wp-json\/wp\/v2\/pages\/3657\/revisions"}],"predecessor-version":[{"id":8283,"href":"https:\/\/ecole-st-vaast-wambrechies.fr\/index.php\/wp-json\/wp\/v2\/pages\/3657\/revisions\/8283"}],"wp:attachment":[{"href":"https:\/\/ecole-st-vaast-wambrechies.fr\/index.php\/wp-json\/wp\/v2\/media?parent=3657"}],"curies":[{"name":"wp","href":"https:\/\/api.w.org\/{rel}","templated":true}]}}