{"id":3659,"date":"2018-05-18T11:01:03","date_gmt":"2018-05-18T09:01:03","guid":{"rendered":"http:\/\/ecole-st-vaast-wambrechies.fr\/?page_id=3659"},"modified":"2018-05-18T11:26:50","modified_gmt":"2018-05-18T09:26:50","slug":"la-pastorale-2","status":"publish","type":"page","link":"https:\/\/ecole-st-vaast-wambrechies.fr\/index.php\/la-pastorale-2\/","title":{"rendered":"La Pastorale"},"content":{"rendered":"<p><strong><u>Le projet pastoral<\/u><\/strong><\/p>\n<p>&nbsp;<\/p>\n<p>L\u2019\u00e9veil \u00e0 la foi est destin\u00e9e \u00e0 ouvrir l&rsquo;enfant au sens chr\u00e9tien de sa vie et au service des autres.<\/p>\n<p>&nbsp;<\/p>\n<p>Elle invite les enfants aux sacrements de l&rsquo;initiation (bapt\u00eame, pardon, eucharistie), selon leur demande ou celle de leur famille, en \u00e9troite collaboration avec la cat\u00e9ch\u00e8se paroissiale (qui assure la pr\u00e9paration aux sacrements) et le projet de l&rsquo;Eglise Saint Vaast.<\/p>\n<p>&nbsp;<\/p>\n<p>Outre l\u2019\u00e9veil \u00e0 la foi proprement dite, notre \u00e9cole s&rsquo;efforce de :<\/p>\n<p>&nbsp;<\/p>\n<p>&#8211; Favoriser un art de vivre ensemble en r\u00e9f\u00e9rence au Christ, o\u00f9 chaque personne (direction, enseignants, personnel, enfants et parents) doit pouvoir trouver une \u00e9coute, une bienveillance et une paix favorable \u00e0 l&rsquo;\u00e9panouissement de chacun.<\/p>\n<p>&nbsp;<\/p>\n<p>&#8211; Sensibiliser \u00e0 l\u2019Evangile les enfants et parents dans les divers actes de la vie scolaire. En choisissant l&rsquo;ouverture, la justice, la v\u00e9rit\u00e9, la patience pour que chacun puisse donner le meilleur de lui-m\u00eame.<\/p>\n<p>&nbsp;<\/p>\n<p>Elle est implant\u00e9e dans une paroisse, il est donc important qu&rsquo;elle en partage les grands \u00e9v\u00e8nements, qu&rsquo;elle accueille le pr\u00eatre r\u00e9f\u00e9rent, qu&rsquo;elle favorise la rencontre avec d&rsquo;autres chr\u00e9tiens de la paroisse. \u00a0Ses \u00e9l\u00e8ves sont les bienvenus au sein de la paroisse pour pr\u00e9parer bapt\u00eames et profession de foi.<\/p>\n<p>&nbsp;<\/p>\n<p>&nbsp;<\/p>\n","protected":false},"excerpt":{"rendered":"<p>Le projet pastoral &nbsp; L\u2019\u00e9veil \u00e0 la foi est destin\u00e9e \u00e0 ouvrir l&rsquo;enfant au sens chr\u00e9tien de sa vie et [&hellip;]<\/p>\n","protected":false},"author":4,"featured_media":0,"parent":0,"menu_order":0,"comment_status":"closed","ping_status":"closed","template":"","meta":{"footnotes":""},"_links":{"self":[{"href":"https:\/\/ecole-st-vaast-wambrechies.fr\/index.php\/wp-json\/wp\/v2\/pages\/3659"}],"collection":[{"href":"https:\/\/ecole-st-vaast-wambrechies.fr\/index.php\/wp-json\/wp\/v2\/pages"}],"about":[{"href":"https:\/\/ecole-st-vaast-wambrechies.fr\/index.php\/wp-json\/wp\/v2\/types\/page"}],"author":[{"embeddable":true,"href":"https:\/\/ecole-st-vaast-wambrechies.fr\/index.php\/wp-json\/wp\/v2\/users\/4"}],"replies":[{"embeddable":true,"href":"https:\/\/ecole-st-vaast-wambrechies.fr\/index.php\/wp-json\/wp\/v2\/comments?post=3659"}],"version-history":[{"count":2,"href":"https:\/\/ecole-st-vaast-wambrechies.fr\/index.php\/wp-json\/wp\/v2\/pages\/3659\/revisions"}],"predecessor-version":[{"id":3670,"href":"https:\/\/ecole-st-vaast-wambrechies.fr\/index.php\/wp-json\/wp\/v2\/pages\/3659\/revisions\/3670"}],"wp:attachment":[{"href":"https:\/\/ecole-st-vaast-wambrechies.fr\/index.php\/wp-json\/wp\/v2\/media?parent=3659"}],"curies":[{"name":"wp","href":"https:\/\/api.w.org\/{rel}","templated":true}]}}