{"id":381,"date":"2017-10-13T18:57:48","date_gmt":"2017-10-13T16:57:48","guid":{"rendered":"http:\/\/ecole-laprovidence-wambrechies.fr\/?page_id=381"},"modified":"2025-11-03T10:38:30","modified_gmt":"2025-11-03T09:38:30","slug":"fiches-de-pe-inscriptions","status":"publish","type":"page","link":"https:\/\/ecole-st-vaast-wambrechies.fr\/index.php\/fiches-de-pe-inscriptions\/","title":{"rendered":"Fiche de pr\u00e9-inscription"},"content":{"rendered":"<p><span style=\"color: #3366ff;\"><strong><em>Proc\u00e9dure de pr\u00e9-inscription<\/em><\/strong><\/span><\/p>\n<p><span style=\"color: #3366ff;\"><strong>\u21d3<\/strong><\/span><\/p>\n<p><span style=\"color: #3366ff;\"><strong>Veuillez bien vouloir cliquer sur le lien de pr\u00e9-inscription ci-dessous et compl\u00e9ter le formulaire :<\/strong><\/span><\/p>\n<p><strong><span style=\"color: #3366ff;\"><a style=\"color: #3366ff;\" href=\"https:\/\/preinscriptions.ecoledirecte.com\/?RNE=0594130U\" target=\"_blank\" rel=\"noopener\">https:\/\/preinscriptions.ecoledirecte.com\/?RNE=0594130U<\/a><\/span><\/strong><\/p>\n\n\n<p><strong><em>Apr\u00e8s avoir compl\u00e9t\u00e9 votre demande de pr\u00e9-inscription, nous v\u00e9rifierons la compl\u00e9tude de votre document et nous vous enverrons une confirmation ainsi qu\u2019une date de rendez-vous avec la cheffe d\u2019\u00e9tablissement.<\/em><\/strong><\/p>\n\n\n\n<p><strong><em>Celle-ci vous expliquera le fonctionnement de l\u2019\u00e9cole et les attendus.<\/em><\/strong><\/p>\n\n\n\n<p><strong><em>Nous vous demanderons \u00e9galement un ch\u00e8que de 80\u20ac qui nous permettra de maintenir la place de votre enfant. D\u00e8s la premi\u00e8re facturation, nous vous rembourserons 50\u20ac.<\/em><\/strong><\/p>\n","protected":false},"excerpt":{"rendered":"<p>Proc\u00e9dure de pr\u00e9-inscription \u21d3 Veuillez bien vouloir cliquer sur le lien de pr\u00e9-inscription ci-dessous et compl\u00e9ter le formulaire : https:\/\/preinscriptions.ecoledirecte.com\/?RNE=0594130U [&hellip;]<\/p>\n","protected":false},"author":4,"featured_media":0,"parent":0,"menu_order":0,"comment_status":"closed","ping_status":"closed","template":"","meta":{"footnotes":"[]"},"_links":{"self":[{"href":"https:\/\/ecole-st-vaast-wambrechies.fr\/index.php\/wp-json\/wp\/v2\/pages\/381"}],"collection":[{"href":"https:\/\/ecole-st-vaast-wambrechies.fr\/index.php\/wp-json\/wp\/v2\/pages"}],"about":[{"href":"https:\/\/ecole-st-vaast-wambrechies.fr\/index.php\/wp-json\/wp\/v2\/types\/page"}],"author":[{"embeddable":true,"href":"https:\/\/ecole-st-vaast-wambrechies.fr\/index.php\/wp-json\/wp\/v2\/users\/4"}],"replies":[{"embeddable":true,"href":"https:\/\/ecole-st-vaast-wambrechies.fr\/index.php\/wp-json\/wp\/v2\/comments?post=381"}],"version-history":[{"count":108,"href":"https:\/\/ecole-st-vaast-wambrechies.fr\/index.php\/wp-json\/wp\/v2\/pages\/381\/revisions"}],"predecessor-version":[{"id":8787,"href":"https:\/\/ecole-st-vaast-wambrechies.fr\/index.php\/wp-json\/wp\/v2\/pages\/381\/revisions\/8787"}],"wp:attachment":[{"href":"https:\/\/ecole-st-vaast-wambrechies.fr\/index.php\/wp-json\/wp\/v2\/media?parent=381"}],"curies":[{"name":"wp","href":"https:\/\/api.w.org\/{rel}","templated":true}]}}