{"id":5643,"date":"2018-12-21T18:34:39","date_gmt":"2018-12-21T17:34:39","guid":{"rendered":"http:\/\/ecole-st-vaast-wambrechies.fr\/?page_id=5643"},"modified":"2018-12-21T18:34:39","modified_gmt":"2018-12-21T17:34:39","slug":"marche-de-noel-dec-2018","status":"publish","type":"page","link":"https:\/\/ecole-st-vaast-wambrechies.fr\/index.php\/marche-de-noel-dec-2018\/","title":{"rendered":"March\u00e9 de No\u00ebl D\u00e9c 2018"},"content":{"rendered":"<!-- MetaSlider -->\n<div style=\"width: 100%;\" class=\"ml-slider-3-6-6 metaslider metaslider-flex metaslider-5600 ml-slider nav-hidden\">\n    \n    <div id=\"metaslider_container_5600\">\n        <div id=\"metaslider_5600\" class=\"flexslider\">\n            <ul class=\"slides\">\n                <li style=\"display: block; width: 100%;\" class=\"slide-5622 ms-image\"><img loading=\"lazy\" decoding=\"async\" src=\"https:\/\/ecole-st-vaast-wambrechies.fr\/wp-content\/uploads\/2018\/12\/DSC_1246-320x160.jpeg\" height=\"600\" width=\"1200\" alt=\"\" class=\"slider-5600 slide-5622\" \/><\/li>\n                <li style=\"display: none; width: 100%;\" class=\"slide-5623 ms-image\"><img loading=\"lazy\" decoding=\"async\" src=\"https:\/\/ecole-st-vaast-wambrechies.fr\/wp-content\/uploads\/2018\/12\/DSC_1252-320x160.jpeg\" height=\"600\" width=\"1200\" alt=\"\" class=\"slider-5600 slide-5623\" \/><\/li>\n                <li style=\"display: none; width: 100%;\" class=\"slide-5624 ms-image\"><img loading=\"lazy\" decoding=\"async\" src=\"https:\/\/ecole-st-vaast-wambrechies.fr\/wp-content\/uploads\/2018\/12\/DSC_1266-320x160.jpeg\" height=\"600\" width=\"1200\" alt=\"\" class=\"slider-5600 slide-5624\" \/><\/li>\n                <li style=\"display: none; width: 100%;\" class=\"slide-5625 ms-image\"><img loading=\"lazy\" decoding=\"async\" src=\"https:\/\/ecole-st-vaast-wambrechies.fr\/wp-content\/uploads\/2018\/12\/DSC_1279-320x160.jpeg\" height=\"600\" width=\"1200\" alt=\"\" class=\"slider-5600 slide-5625\" \/><\/li>\n                <li style=\"display: none; width: 100%;\" class=\"slide-5626 ms-image\"><img loading=\"lazy\" decoding=\"async\" src=\"https:\/\/ecole-st-vaast-wambrechies.fr\/wp-content\/uploads\/2018\/12\/DSC_1311-214x107.jpeg\" height=\"600\" width=\"1200\" alt=\"\" class=\"slider-5600 slide-5626\" \/><\/li>\n                <li style=\"display: none; width: 100%;\" class=\"slide-5627 ms-image\"><img loading=\"lazy\" decoding=\"async\" src=\"https:\/\/ecole-st-vaast-wambrechies.fr\/wp-content\/uploads\/2018\/12\/DSC_1349-320x160.jpeg\" height=\"600\" width=\"1200\" alt=\"\" class=\"slider-5600 slide-5627\" \/><\/li>\n                <li style=\"display: none; width: 100%;\" class=\"slide-5628 ms-image\"><img loading=\"lazy\" decoding=\"async\" src=\"https:\/\/ecole-st-vaast-wambrechies.fr\/wp-content\/uploads\/2018\/12\/DSC_1350-320x160.jpeg\" height=\"600\" width=\"1200\" alt=\"\" class=\"slider-5600 slide-5628\" \/><\/li>\n                <li style=\"display: none; width: 100%;\" class=\"slide-5629 ms-image\"><img loading=\"lazy\" decoding=\"async\" src=\"https:\/\/ecole-st-vaast-wambrechies.fr\/wp-content\/uploads\/2018\/12\/DSC_1351-320x160.jpeg\" height=\"600\" width=\"1200\" alt=\"\" class=\"slider-5600 slide-5629\" \/><\/li>\n                <li style=\"display: none; width: 100%;\" class=\"slide-5630 ms-image\"><img loading=\"lazy\" decoding=\"async\" src=\"https:\/\/ecole-st-vaast-wambrechies.fr\/wp-content\/uploads\/2018\/12\/DSC_1359-320x160.jpeg\" height=\"600\" width=\"1200\" alt=\"\" class=\"slider-5600 slide-5630\" \/><\/li>\n                <li style=\"display: none; width: 100%;\" class=\"slide-5631 ms-image\"><img loading=\"lazy\" decoding=\"async\" src=\"https:\/\/ecole-st-vaast-wambrechies.fr\/wp-content\/uploads\/2018\/12\/DSC_1360-320x160.jpeg\" height=\"600\" width=\"1200\" alt=\"\" class=\"slider-5600 slide-5631\" \/><\/li>\n                <li style=\"display: none; width: 100%;\" class=\"slide-5632 ms-image\"><img loading=\"lazy\" decoding=\"async\" src=\"https:\/\/ecole-st-vaast-wambrechies.fr\/wp-content\/uploads\/2018\/12\/DSC_1364-300x150.jpeg\" height=\"600\" width=\"1200\" alt=\"\" class=\"slider-5600 slide-5632\" \/><\/li>\n                <li style=\"display: none; width: 100%;\" class=\"slide-5633 ms-image\"><img loading=\"lazy\" decoding=\"async\" src=\"https:\/\/ecole-st-vaast-wambrechies.fr\/wp-content\/uploads\/2018\/12\/DSC_1367-320x160.jpeg\" height=\"600\" width=\"1200\" alt=\"\" class=\"slider-5600 slide-5633\" \/><\/li>\n                <li style=\"display: none; width: 100%;\" class=\"slide-5634 ms-image\"><img loading=\"lazy\" decoding=\"async\" src=\"https:\/\/ecole-st-vaast-wambrechies.fr\/wp-content\/uploads\/2018\/12\/DSC_1371-240x120.jpeg\" height=\"600\" width=\"1200\" alt=\"\" class=\"slider-5600 slide-5634\" \/><\/li>\n                <li style=\"display: none; width: 100%;\" class=\"slide-5635 ms-image\"><img loading=\"lazy\" decoding=\"async\" src=\"https:\/\/ecole-st-vaast-wambrechies.fr\/wp-content\/uploads\/2018\/12\/DSC_1373-320x160.jpeg\" height=\"600\" width=\"1200\" alt=\"\" class=\"slider-5600 slide-5635\" \/><\/li>\n                <li style=\"display: none; width: 100%;\" class=\"slide-5636 ms-image\"><img loading=\"lazy\" decoding=\"async\" src=\"https:\/\/ecole-st-vaast-wambrechies.fr\/wp-content\/uploads\/2018\/12\/DSC_1375-320x160.jpeg\" height=\"600\" width=\"1200\" alt=\"\" class=\"slider-5600 slide-5636\" \/><\/li>\n                <li style=\"display: none; width: 100%;\" class=\"slide-5637 ms-image\"><img loading=\"lazy\" decoding=\"async\" src=\"https:\/\/ecole-st-vaast-wambrechies.fr\/wp-content\/uploads\/2018\/12\/DSC_1379-320x160.jpeg\" height=\"600\" width=\"1200\" alt=\"\" class=\"slider-5600 slide-5637\" \/><\/li>\n                <li style=\"display: none; width: 100%;\" class=\"slide-5638 ms-image\"><img loading=\"lazy\" decoding=\"async\" src=\"https:\/\/ecole-st-vaast-wambrechies.fr\/wp-content\/uploads\/2018\/12\/DSC_1388-320x160.jpeg\" height=\"600\" width=\"1200\" alt=\"\" class=\"slider-5600 slide-5638\" \/><\/li>\n                <li style=\"display: none; width: 100%;\" class=\"slide-5639 ms-image\"><img loading=\"lazy\" decoding=\"async\" src=\"https:\/\/ecole-st-vaast-wambrechies.fr\/wp-content\/uploads\/2018\/12\/IMG_6452-960x480.jpg\" height=\"600\" width=\"1200\" alt=\"\" class=\"slider-5600 slide-5639\" \/><\/li>\n                <li style=\"display: none; width: 100%;\" class=\"slide-5640 ms-image\"><img loading=\"lazy\" decoding=\"async\" src=\"https:\/\/ecole-st-vaast-wambrechies.fr\/wp-content\/uploads\/2018\/12\/IMG_6476-320x160.jpeg\" height=\"600\" width=\"1200\" alt=\"\" class=\"slider-5600 slide-5640\" \/><\/li>\n                <li style=\"display: none; width: 100%;\" class=\"slide-5641 ms-image\"><img loading=\"lazy\" decoding=\"async\" src=\"https:\/\/ecole-st-vaast-wambrechies.fr\/wp-content\/uploads\/2018\/12\/present-214x107.jpg\" height=\"600\" width=\"1200\" alt=\"\" class=\"slider-5600 slide-5641\" \/><\/li>\n                <li style=\"display: none; width: 100%;\" class=\"slide-5642 ms-image\"><img loading=\"lazy\" decoding=\"async\" src=\"https:\/\/ecole-st-vaast-wambrechies.fr\/wp-content\/uploads\/2018\/12\/santas-240x120.jpg\" height=\"600\" width=\"1200\" alt=\"\" class=\"slider-5600 slide-5642\" \/><\/li>\n            <\/ul>\n        <\/div>\n        \n    <\/div>\n<\/div>\n<!--\/\/ MetaSlider-->\n","protected":false},"excerpt":{"rendered":"","protected":false},"author":4,"featured_media":0,"parent":0,"menu_order":0,"comment_status":"closed","ping_status":"closed","template":"","meta":{"footnotes":""},"_links":{"self":[{"href":"https:\/\/ecole-st-vaast-wambrechies.fr\/index.php\/wp-json\/wp\/v2\/pages\/5643"}],"collection":[{"href":"https:\/\/ecole-st-vaast-wambrechies.fr\/index.php\/wp-json\/wp\/v2\/pages"}],"about":[{"href":"https:\/\/ecole-st-vaast-wambrechies.fr\/index.php\/wp-json\/wp\/v2\/types\/page"}],"author":[{"embeddable":true,"href":"https:\/\/ecole-st-vaast-wambrechies.fr\/index.php\/wp-json\/wp\/v2\/users\/4"}],"replies":[{"embeddable":true,"href":"https:\/\/ecole-st-vaast-wambrechies.fr\/index.php\/wp-json\/wp\/v2\/comments?post=5643"}],"version-history":[{"count":1,"href":"https:\/\/ecole-st-vaast-wambrechies.fr\/index.php\/wp-json\/wp\/v2\/pages\/5643\/revisions"}],"predecessor-version":[{"id":5644,"href":"https:\/\/ecole-st-vaast-wambrechies.fr\/index.php\/wp-json\/wp\/v2\/pages\/5643\/revisions\/5644"}],"wp:attachment":[{"href":"https:\/\/ecole-st-vaast-wambrechies.fr\/index.php\/wp-json\/wp\/v2\/media?parent=5643"}],"curies":[{"name":"wp","href":"https:\/\/api.w.org\/{rel}","templated":true}]}}