{"id":5722,"date":"2019-02-04T10:12:56","date_gmt":"2019-02-04T09:12:56","guid":{"rendered":"http:\/\/ecole-st-vaast-wambrechies.fr\/?page_id=5722"},"modified":"2019-02-04T10:14:02","modified_gmt":"2019-02-04T09:14:02","slug":"celebration-de-noel","status":"publish","type":"page","link":"https:\/\/ecole-st-vaast-wambrechies.fr\/index.php\/celebration-de-noel\/","title":{"rendered":"C\u00e9l\u00e9bration de No\u00ebl."},"content":{"rendered":"<!-- MetaSlider -->\n<div style=\"width: 100%;\" class=\"ml-slider-3-6-6 metaslider metaslider-flex metaslider-5702 ml-slider nav-hidden\">\n    \n    <div id=\"metaslider_container_5702\">\n        <div id=\"metaslider_5702\" class=\"flexslider\">\n            <ul class=\"slides\">\n                <li style=\"display: block; width: 100%;\" class=\"slide-5714 ms-image\"><img loading=\"lazy\" decoding=\"async\" src=\"https:\/\/ecole-st-vaast-wambrechies.fr\/wp-content\/uploads\/2019\/02\/IMG_20181221_100534-1200x600.jpg\" height=\"600\" width=\"1200\" alt=\"\" class=\"slider-5702 slide-5714\" \/><div class=\"caption-wrap\"><div class=\"caption\">C\u00e9l\u00e9bration No\u00ebl.<\/div><\/div><\/li>\n                <li style=\"display: none; width: 100%;\" class=\"slide-5715 ms-image\"><img loading=\"lazy\" decoding=\"async\" src=\"https:\/\/ecole-st-vaast-wambrechies.fr\/wp-content\/uploads\/2019\/02\/IMG_20181221_100840-1200x600.jpg\" height=\"600\" width=\"1200\" alt=\"\" class=\"slider-5702 slide-5715\" \/><div class=\"caption-wrap\"><div class=\"caption\">C\u00e9l\u00e9bration No\u00ebl.<\/div><\/div><\/li>\n                <li style=\"display: none; width: 100%;\" class=\"slide-5716 ms-image\"><img loading=\"lazy\" decoding=\"async\" src=\"https:\/\/ecole-st-vaast-wambrechies.fr\/wp-content\/uploads\/2019\/02\/IMG_20181221_101707-1200x600.jpg\" height=\"600\" width=\"1200\" alt=\"\" class=\"slider-5702 slide-5716\" \/><div class=\"caption-wrap\"><div class=\"caption\">C\u00e9l\u00e9bration No\u00ebl.<\/div><\/div><\/li>\n                <li style=\"display: none; width: 100%;\" class=\"slide-5717 ms-image\"><img loading=\"lazy\" decoding=\"async\" src=\"https:\/\/ecole-st-vaast-wambrechies.fr\/wp-content\/uploads\/2019\/02\/IMG_20181221_101727-1200x600.jpg\" height=\"600\" width=\"1200\" alt=\"\" class=\"slider-5702 slide-5717\" \/><div class=\"caption-wrap\"><div class=\"caption\">C\u00e9l\u00e9bration No\u00ebl.<\/div><\/div><\/li>\n                <li style=\"display: none; width: 100%;\" class=\"slide-5718 ms-image\"><img loading=\"lazy\" decoding=\"async\" src=\"https:\/\/ecole-st-vaast-wambrechies.fr\/wp-content\/uploads\/2019\/02\/IMG_20181221_101913-1200x600.jpg\" height=\"600\" width=\"1200\" alt=\"\" class=\"slider-5702 slide-5718\" \/><div class=\"caption-wrap\"><div class=\"caption\">C\u00e9l\u00e9bration No\u00ebl.<\/div><\/div><\/li>\n                <li style=\"display: none; width: 100%;\" class=\"slide-5719 ms-image\"><img loading=\"lazy\" decoding=\"async\" src=\"https:\/\/ecole-st-vaast-wambrechies.fr\/wp-content\/uploads\/2019\/02\/IMG_20181221_103008-1200x600.jpg\" height=\"600\" width=\"1200\" alt=\"\" class=\"slider-5702 slide-5719\" \/><div class=\"caption-wrap\"><div class=\"caption\">C\u00e9l\u00e9bration No\u00ebl.<\/div><\/div><\/li>\n                <li style=\"display: none; width: 100%;\" class=\"slide-5720 ms-image\"><img loading=\"lazy\" decoding=\"async\" src=\"https:\/\/ecole-st-vaast-wambrechies.fr\/wp-content\/uploads\/2019\/02\/IMG_20181221_103015-1200x600.jpg\" height=\"600\" width=\"1200\" alt=\"\" class=\"slider-5702 slide-5720\" \/><div class=\"caption-wrap\"><div class=\"caption\">C\u00e9l\u00e9bration No\u00ebl.<\/div><\/div><\/li>\n                <li style=\"display: none; width: 100%;\" class=\"slide-5721 ms-image\"><img loading=\"lazy\" decoding=\"async\" src=\"https:\/\/ecole-st-vaast-wambrechies.fr\/wp-content\/uploads\/2019\/02\/IMG_20181221_103021-1200x600.jpg\" height=\"600\" width=\"1200\" alt=\"\" class=\"slider-5702 slide-5721\" \/><div class=\"caption-wrap\"><div class=\"caption\">C\u00e9l\u00e9bration No\u00ebl.<\/div><\/div><\/li>\n            <\/ul>\n        <\/div>\n        \n    <\/div>\n<\/div>\n<!--\/\/ MetaSlider-->\n","protected":false},"excerpt":{"rendered":"","protected":false},"author":4,"featured_media":0,"parent":0,"menu_order":0,"comment_status":"closed","ping_status":"closed","template":"","meta":{"footnotes":""},"_links":{"self":[{"href":"https:\/\/ecole-st-vaast-wambrechies.fr\/index.php\/wp-json\/wp\/v2\/pages\/5722"}],"collection":[{"href":"https:\/\/ecole-st-vaast-wambrechies.fr\/index.php\/wp-json\/wp\/v2\/pages"}],"about":[{"href":"https:\/\/ecole-st-vaast-wambrechies.fr\/index.php\/wp-json\/wp\/v2\/types\/page"}],"author":[{"embeddable":true,"href":"https:\/\/ecole-st-vaast-wambrechies.fr\/index.php\/wp-json\/wp\/v2\/users\/4"}],"replies":[{"embeddable":true,"href":"https:\/\/ecole-st-vaast-wambrechies.fr\/index.php\/wp-json\/wp\/v2\/comments?post=5722"}],"version-history":[{"count":1,"href":"https:\/\/ecole-st-vaast-wambrechies.fr\/index.php\/wp-json\/wp\/v2\/pages\/5722\/revisions"}],"predecessor-version":[{"id":5723,"href":"https:\/\/ecole-st-vaast-wambrechies.fr\/index.php\/wp-json\/wp\/v2\/pages\/5722\/revisions\/5723"}],"wp:attachment":[{"href":"https:\/\/ecole-st-vaast-wambrechies.fr\/index.php\/wp-json\/wp\/v2\/media?parent=5722"}],"curies":[{"name":"wp","href":"https:\/\/api.w.org\/{rel}","templated":true}]}}