{"id":6368,"date":"2019-11-21T11:58:39","date_gmt":"2019-11-21T10:58:39","guid":{"rendered":"http:\/\/ecole-st-vaast-wambrechies.fr\/?page_id=6368"},"modified":"2019-11-21T11:58:39","modified_gmt":"2019-11-21T10:58:39","slug":"benedictions-des-cartables-rentree-2019","status":"publish","type":"page","link":"https:\/\/ecole-st-vaast-wambrechies.fr\/index.php\/benedictions-des-cartables-rentree-2019\/","title":{"rendered":"B\u00e9n\u00e9dictions des cartables rentr\u00e9e 2019"},"content":{"rendered":"<p style=\"text-align: center;\"><!-- MetaSlider -->\n<div style=\"width: 100%;\" class=\"ml-slider-3-6-6 metaslider metaslider-flex metaslider-6358 ml-slider nav-hidden\">\n    \n    <div id=\"metaslider_container_6358\">\n        <div id=\"metaslider_6358\" class=\"flexslider\">\n            <ul class=\"slides\">\n                <li style=\"display: block; width: 100%;\" class=\"slide-6364 ms-image\"><img loading=\"lazy\" decoding=\"async\" src=\"https:\/\/ecole-st-vaast-wambrechies.fr\/wp-content\/uploads\/2019\/11\/IMG_20190920_161440-1200x600.jpg\" height=\"600\" width=\"1200\" alt=\"\" class=\"slider-6358 slide-6364\" \/><\/li>\n                <li style=\"display: none; width: 100%;\" class=\"slide-6365 ms-image\"><img loading=\"lazy\" decoding=\"async\" src=\"https:\/\/ecole-st-vaast-wambrechies.fr\/wp-content\/uploads\/2019\/11\/IMG_20190920_161459-1200x600.jpg\" height=\"600\" width=\"1200\" alt=\"\" class=\"slider-6358 slide-6365\" \/><\/li>\n                <li style=\"display: none; width: 100%;\" class=\"slide-6366 ms-image\"><img loading=\"lazy\" decoding=\"async\" src=\"https:\/\/ecole-st-vaast-wambrechies.fr\/wp-content\/uploads\/2019\/11\/IMG_20190920_162308-1200x600.jpg\" height=\"600\" width=\"1200\" alt=\"\" class=\"slider-6358 slide-6366\" \/><\/li>\n                <li style=\"display: none; width: 100%;\" class=\"slide-6367 ms-image\"><img loading=\"lazy\" decoding=\"async\" src=\"https:\/\/ecole-st-vaast-wambrechies.fr\/wp-content\/uploads\/2019\/11\/IMG_20190920_162435-1200x600.jpg\" height=\"600\" width=\"1200\" alt=\"\" class=\"slider-6358 slide-6367\" \/><\/li>\n            <\/ul>\n        <\/div>\n        \n    <\/div>\n<\/div>\n<!--\/\/ MetaSlider--><\/p>\n","protected":false},"excerpt":{"rendered":"","protected":false},"author":4,"featured_media":0,"parent":0,"menu_order":0,"comment_status":"closed","ping_status":"closed","template":"","meta":{"footnotes":""},"_links":{"self":[{"href":"https:\/\/ecole-st-vaast-wambrechies.fr\/index.php\/wp-json\/wp\/v2\/pages\/6368"}],"collection":[{"href":"https:\/\/ecole-st-vaast-wambrechies.fr\/index.php\/wp-json\/wp\/v2\/pages"}],"about":[{"href":"https:\/\/ecole-st-vaast-wambrechies.fr\/index.php\/wp-json\/wp\/v2\/types\/page"}],"author":[{"embeddable":true,"href":"https:\/\/ecole-st-vaast-wambrechies.fr\/index.php\/wp-json\/wp\/v2\/users\/4"}],"replies":[{"embeddable":true,"href":"https:\/\/ecole-st-vaast-wambrechies.fr\/index.php\/wp-json\/wp\/v2\/comments?post=6368"}],"version-history":[{"count":2,"href":"https:\/\/ecole-st-vaast-wambrechies.fr\/index.php\/wp-json\/wp\/v2\/pages\/6368\/revisions"}],"predecessor-version":[{"id":6370,"href":"https:\/\/ecole-st-vaast-wambrechies.fr\/index.php\/wp-json\/wp\/v2\/pages\/6368\/revisions\/6370"}],"wp:attachment":[{"href":"https:\/\/ecole-st-vaast-wambrechies.fr\/index.php\/wp-json\/wp\/v2\/media?parent=6368"}],"curies":[{"name":"wp","href":"https:\/\/api.w.org\/{rel}","templated":true}]}}